{"id":1021,"date":"2021-12-05T19:44:51","date_gmt":"2021-12-05T19:44:51","guid":{"rendered":"http:\/\/parafianuna.pl\/?page_id=1021"},"modified":"2022-07-12T21:37:28","modified_gmt":"2022-07-12T21:37:28","slug":"sponsorzy","status":"publish","type":"page","link":"http:\/\/parafianuna.pl\/?page_id=1021","title":{"rendered":"Sponsorzy"},"content":{"rendered":"\n<p>Aby wesprze\u0107 parafi\u0119 nale\u017cy skontaktowa\u0107 si\u0119 z Proboszczem parafii.<\/p>\n\n\n\n<figure class=\"wp-block-image size-full is-resized\"><img loading=\"lazy\" decoding=\"async\" src=\"http:\/\/parafianuna.pl\/wp-content\/uploads\/2022\/04\/wsparcie-1.png\" alt=\"\" class=\"wp-image-1403\" width=\"212\" height=\"299\" srcset=\"http:\/\/parafianuna.pl\/wp-content\/uploads\/2022\/04\/wsparcie-1.png 254w, http:\/\/parafianuna.pl\/wp-content\/uploads\/2022\/04\/wsparcie-1-212x300.png 212w\" sizes=\"(max-width: 212px) 100vw, 212px\" \/><figcaption>Miejsce na dane Twojej firmy lub komentarz<\/figcaption><\/figure>\n\n\n\n<figure class=\"wp-block-gallery has-nested-images columns-3 is-cropped wp-block-gallery-1 is-layout-flex wp-block-gallery-is-layout-flex\">\n<figure class=\"wp-block-image size-large\"><img loading=\"lazy\" decoding=\"async\" width=\"602\" height=\"600\" data-id=\"1707\" src=\"http:\/\/parafianuna.pl\/wp-content\/uploads\/2022\/07\/Ministerstwo_Rolnictwa_i_Rozwoju_Wsi.svg_.png\" alt=\"\" class=\"wp-image-1707\" srcset=\"http:\/\/parafianuna.pl\/wp-content\/uploads\/2022\/07\/Ministerstwo_Rolnictwa_i_Rozwoju_Wsi.svg_.png 602w, http:\/\/parafianuna.pl\/wp-content\/uploads\/2022\/07\/Ministerstwo_Rolnictwa_i_Rozwoju_Wsi.svg_-300x300.png 300w, http:\/\/parafianuna.pl\/wp-content\/uploads\/2022\/07\/Ministerstwo_Rolnictwa_i_Rozwoju_Wsi.svg_-150x150.png 150w\" sizes=\"(max-width: 602px) 100vw, 602px\" \/><figcaption>Ministerstwo Rolnictwa i Rozwoju Wsi \u2013 polski urz\u0105d administracji rz\u0105dowej obs\u0142uguj\u0105cy ministra w\u0142a\u015bciwego do spraw czterech dzia\u0142\u00f3w administracji rz\u0105dowej: rolnictwo, rybo\u0142\u00f3wstwo, rozw\u00f3j wsi i rynki rolne.<\/figcaption><\/figure>\n\n\n\n<figure class=\"wp-block-image size-large\"><img loading=\"lazy\" decoding=\"async\" width=\"293\" height=\"293\" data-id=\"1705\" src=\"http:\/\/parafianuna.pl\/wp-content\/uploads\/2022\/07\/29695330_1080879548719120_6962661464208892070_n.jpg\" alt=\"\" class=\"wp-image-1705\" srcset=\"http:\/\/parafianuna.pl\/wp-content\/uploads\/2022\/07\/29695330_1080879548719120_6962661464208892070_n.jpg 293w, http:\/\/parafianuna.pl\/wp-content\/uploads\/2022\/07\/29695330_1080879548719120_6962661464208892070_n-150x150.jpg 150w\" sizes=\"(max-width: 293px) 100vw, 293px\" \/><figcaption>W ofercie posiadamy m.in. najwy\u017cszej jako\u015bci produkty betonowe i ceramiczne firmy Libet \u2013 lidera w produkcji i sprzeda\u017cy kostki brukowej na polskim rynku. Oferujemy r\u00f3wnie\u017c wypo\u017cyczanie maszyn i urz\u0105dze\u0144, sprzeda\u017c kamieni i kruszyw ozdobnych, prace ziemne oraz wykonywanie odwodnie\u0144.<\/figcaption><\/figure>\n\n\n\n<figure class=\"wp-block-image size-large\"><img loading=\"lazy\" decoding=\"async\" width=\"960\" height=\"956\" data-id=\"1703\" src=\"http:\/\/parafianuna.pl\/wp-content\/uploads\/2022\/07\/276128638_104495092213410_7482965571187030073_n.jpg\" alt=\"\" class=\"wp-image-1703\" srcset=\"http:\/\/parafianuna.pl\/wp-content\/uploads\/2022\/07\/276128638_104495092213410_7482965571187030073_n.jpg 960w, http:\/\/parafianuna.pl\/wp-content\/uploads\/2022\/07\/276128638_104495092213410_7482965571187030073_n-300x300.jpg 300w, http:\/\/parafianuna.pl\/wp-content\/uploads\/2022\/07\/276128638_104495092213410_7482965571187030073_n-150x150.jpg 150w, http:\/\/parafianuna.pl\/wp-content\/uploads\/2022\/07\/276128638_104495092213410_7482965571187030073_n-768x765.jpg 768w\" sizes=\"(max-width: 960px) 100vw, 960px\" \/><figcaption>Sielankowy wiecz\u00f3r z pysznym r\u00f3\u017cnorodnym, polskim jedzeniem \u2013 serwujemy Wam \u015bwie\u017co przygotowane potrawy w przytulnej atmosferze.<\/figcaption><\/figure>\n\n\n\n<figure class=\"wp-block-image size-large\"><img loading=\"lazy\" decoding=\"async\" width=\"1536\" height=\"1247\" data-id=\"1701\" src=\"http:\/\/parafianuna.pl\/wp-content\/uploads\/2022\/07\/cropped-118651667_3430840850300012_1619590727530031993_n.jpg\" alt=\"\" class=\"wp-image-1701\" srcset=\"http:\/\/parafianuna.pl\/wp-content\/uploads\/2022\/07\/cropped-118651667_3430840850300012_1619590727530031993_n.jpg 1536w, http:\/\/parafianuna.pl\/wp-content\/uploads\/2022\/07\/cropped-118651667_3430840850300012_1619590727530031993_n-300x244.jpg 300w, http:\/\/parafianuna.pl\/wp-content\/uploads\/2022\/07\/cropped-118651667_3430840850300012_1619590727530031993_n-1024x831.jpg 1024w, http:\/\/parafianuna.pl\/wp-content\/uploads\/2022\/07\/cropped-118651667_3430840850300012_1619590727530031993_n-768x624.jpg 768w, http:\/\/parafianuna.pl\/wp-content\/uploads\/2022\/07\/cropped-118651667_3430840850300012_1619590727530031993_n-1330x1080.jpg 1330w\" sizes=\"(max-width: 1536px) 100vw, 1536px\" \/><figcaption>Jedzenie na dow\u00f3z na strefy: Nowy Dw\u00f3r Mazowiecki, Skierdy, Trzciany, Bo\u017ca Wola, Chotom\u00f3w, Modlin, Czosn\u00f3w, Zakroczym, Pomiech\u00f3wek, Legionowo. <\/figcaption><\/figure>\n\n\n\n<figure class=\"wp-block-image size-large\"><img loading=\"lazy\" decoding=\"async\" width=\"621\" height=\"623\" data-id=\"1692\" src=\"http:\/\/parafianuna.pl\/wp-content\/uploads\/2022\/07\/waw.jpg\" alt=\"\" class=\"wp-image-1692\" srcset=\"http:\/\/parafianuna.pl\/wp-content\/uploads\/2022\/07\/waw.jpg 621w, http:\/\/parafianuna.pl\/wp-content\/uploads\/2022\/07\/waw-300x300.jpg 300w, http:\/\/parafianuna.pl\/wp-content\/uploads\/2022\/07\/waw-150x150.jpg 150w\" sizes=\"(max-width: 621px) 100vw, 621px\" \/><figcaption>US\u0141UGI TRANSPORTOWO-TURYSTYCZNE<\/figcaption><\/figure>\n\n\n\n<figure class=\"wp-block-image size-large\"><img loading=\"lazy\" decoding=\"async\" width=\"976\" height=\"649\" data-id=\"1706\" src=\"http:\/\/parafianuna.pl\/wp-content\/uploads\/2022\/07\/Nowy-obraz-mapy-bitowej.jpg\" alt=\"\" class=\"wp-image-1706\" srcset=\"http:\/\/parafianuna.pl\/wp-content\/uploads\/2022\/07\/Nowy-obraz-mapy-bitowej.jpg 976w, http:\/\/parafianuna.pl\/wp-content\/uploads\/2022\/07\/Nowy-obraz-mapy-bitowej-300x199.jpg 300w, http:\/\/parafianuna.pl\/wp-content\/uploads\/2022\/07\/Nowy-obraz-mapy-bitowej-768x511.jpg 768w\" sizes=\"(max-width: 976px) 100vw, 976px\" \/><figcaption>Us\u0142ugi transportowe<\/figcaption><\/figure>\n<\/figure>\n","protected":false},"excerpt":{"rendered":"<p>Aby wesprze\u0107 parafi\u0119 nale\u017cy skontaktowa\u0107 si\u0119 z Proboszczem parafii.<\/p>\n","protected":false},"author":1,"featured_media":0,"parent":0,"menu_order":0,"comment_status":"closed","ping_status":"closed","template":"","meta":{"footnotes":""},"_links":{"self":[{"href":"http:\/\/parafianuna.pl\/index.php?rest_route=\/wp\/v2\/pages\/1021"}],"collection":[{"href":"http:\/\/parafianuna.pl\/index.php?rest_route=\/wp\/v2\/pages"}],"about":[{"href":"http:\/\/parafianuna.pl\/index.php?rest_route=\/wp\/v2\/types\/page"}],"author":[{"embeddable":true,"href":"http:\/\/parafianuna.pl\/index.php?rest_route=\/wp\/v2\/users\/1"}],"replies":[{"embeddable":true,"href":"http:\/\/parafianuna.pl\/index.php?rest_route=%2Fwp%2Fv2%2Fcomments&post=1021"}],"version-history":[{"count":5,"href":"http:\/\/parafianuna.pl\/index.php?rest_route=\/wp\/v2\/pages\/1021\/revisions"}],"predecessor-version":[{"id":1734,"href":"http:\/\/parafianuna.pl\/index.php?rest_route=\/wp\/v2\/pages\/1021\/revisions\/1734"}],"wp:attachment":[{"href":"http:\/\/parafianuna.pl\/index.php?rest_route=%2Fwp%2Fv2%2Fmedia&parent=1021"}],"curies":[{"name":"wp","href":"https:\/\/api.w.org\/{rel}","templated":true}]}}