{"id":173,"date":"2021-01-30T19:35:06","date_gmt":"2021-01-30T19:35:06","guid":{"rendered":"http:\/\/parafianuna.pl\/?page_id=173"},"modified":"2021-02-13T20:01:25","modified_gmt":"2021-02-13T20:01:25","slug":"asysta-procesyjna","status":"publish","type":"page","link":"http:\/\/parafianuna.pl\/?page_id=173","title":{"rendered":"Asysta procesyjna"},"content":{"rendered":"<h2><strong>Cz\u0142onkowie Asysty procesyjnej w Nunie:<\/strong><\/h2>\n<ol>\n<li>\n<h5>Jan Ostrowski<\/h5>\n<\/li>\n<li>\n<h5>Grzegorz Dzba\u0144ski<\/h5>\n<\/li>\n<li>\n<h5>Andrzej Kr\u00f3lak<\/h5>\n<\/li>\n<li>\n<h5>Krzysztof Jaskulski<\/h5>\n<\/li>\n<li>\n<h5>Zbigniew Pi\u0105tkowski<\/h5>\n<\/li>\n<li>\n<h5>Wojciech Kowalski<\/h5>\n<\/li>\n<li>\n<h5>Pawe\u0142 Pi\u0105tkowski<\/h5>\n<\/li>\n<li>\n<h5>Krzysztof Fabisiak<\/h5>\n<\/li>\n<li>\n<h5>Wojciech Fabisiak<\/h5>\n<\/li>\n<li>\n<h5>Tomasz Borzy\u0144ski<\/h5>\n<\/li>\n<li>\n<h5>Tomasz Ruci\u0144ski<\/h5>\n<\/li>\n<li>\n<h5>Pawe\u0142 Kami\u0144ski<\/h5>\n<\/li>\n<li>\n<h5>Henryka Kami\u0144ska<\/h5>\n<\/li>\n<li>\n<h5>Anna Ruci\u0144ska<\/h5>\n<\/li>\n<li>\n<h5>Aniela Kr\u00f3lak<\/h5>\n<\/li>\n<li>\n<h5>Wanda Czy\u017cewska<\/h5>\n<\/li>\n<li>\n<h5>Alicja Kuczy\u0144ska<\/h5>\n<\/li>\n<li>\n<h5>Beata Ros\u0142o\u0144ska<\/h5>\n<\/li>\n<li>\n<h5>Zofia Jaskulska<\/h5>\n<\/li>\n<li>\n<h5>Zofia Fabisiak<\/h5>\n<\/li>\n<li>\n<h5>Sabina Sekutowicz<\/h5>\n<\/li>\n<li>\n<h5>Roman Duszy\u0144ski<\/h5>\n<\/li>\n<li>\n<h5>Zbigniew Grzymkowski<\/h5>\n<\/li>\n<li>\n<h5>Krystyna Bober<\/h5>\n<\/li>\n<li>\n<h5>Teresa Grabowska<\/h5>\n<\/li>\n<li>\n<h5>Zofia Bierowiec<\/h5>\n<\/li>\n<\/ol>\n","protected":false},"excerpt":{"rendered":"<p>Cz\u0142onkowie Asysty procesyjnej w Nunie: Jan Ostrowski Grzegorz Dzba\u0144ski Andrzej Kr\u00f3lak Krzysztof Jaskulski Zbigniew Pi\u0105tkowski Wojciech Kowalski Pawe\u0142 Pi\u0105tkowski Krzysztof Fabisiak Wojciech Fabisiak Tomasz Borzy\u0144ski Tomasz Ruci\u0144ski Pawe\u0142 Kami\u0144ski Henryka Kami\u0144ska Anna Ruci\u0144ska Aniela Kr\u00f3lak Wanda Czy\u017cewska Alicja Kuczy\u0144ska Beata Ros\u0142o\u0144ska Zofia Jaskulska Zofia Fabisiak Sabina Sekutowicz Roman Duszy\u0144ski Zbigniew Grzymkowski Krystyna Bober Teresa Grabowska&hellip; <br \/> <a class=\"read-more\" href=\"http:\/\/parafianuna.pl\/?page_id=173\">Przeczytaj wi\u0119cej<\/a><\/p>\n","protected":false},"author":1,"featured_media":0,"parent":0,"menu_order":0,"comment_status":"closed","ping_status":"closed","template":"","meta":{"footnotes":""},"_links":{"self":[{"href":"http:\/\/parafianuna.pl\/index.php?rest_route=\/wp\/v2\/pages\/173"}],"collection":[{"href":"http:\/\/parafianuna.pl\/index.php?rest_route=\/wp\/v2\/pages"}],"about":[{"href":"http:\/\/parafianuna.pl\/index.php?rest_route=\/wp\/v2\/types\/page"}],"author":[{"embeddable":true,"href":"http:\/\/parafianuna.pl\/index.php?rest_route=\/wp\/v2\/users\/1"}],"replies":[{"embeddable":true,"href":"http:\/\/parafianuna.pl\/index.php?rest_route=%2Fwp%2Fv2%2Fcomments&post=173"}],"version-history":[{"count":13,"href":"http:\/\/parafianuna.pl\/index.php?rest_route=\/wp\/v2\/pages\/173\/revisions"}],"predecessor-version":[{"id":321,"href":"http:\/\/parafianuna.pl\/index.php?rest_route=\/wp\/v2\/pages\/173\/revisions\/321"}],"wp:attachment":[{"href":"http:\/\/parafianuna.pl\/index.php?rest_route=%2Fwp%2Fv2%2Fmedia&parent=173"}],"curies":[{"name":"wp","href":"https:\/\/api.w.org\/{rel}","templated":true}]}}