{"id":175,"date":"2021-01-30T19:35:06","date_gmt":"2021-01-30T19:35:06","guid":{"rendered":"http:\/\/parafianuna.pl\/?page_id=175"},"modified":"2021-02-13T20:32:51","modified_gmt":"2021-02-13T20:32:51","slug":"parafialna-rada-duszpasterska","status":"publish","type":"page","link":"http:\/\/parafianuna.pl\/?page_id=175","title":{"rendered":"Parafialna Rada Duszpasterska"},"content":{"rendered":"<h2>PARAFIALNA RADA DUSZPASTERSKA<\/h2>\n<ol>\n<li>\n<h4>Iwona Bednarska<\/h4>\n<\/li>\n<li>\n<h4>Dorota \u017bo\u0142nierzak<\/h4>\n<\/li>\n<li>\n<h4>Katarzyna Charzy\u0144ska<\/h4>\n<\/li>\n<li>\n<h4>Danuta Janecka<\/h4>\n<\/li>\n<li>\n<h4>Barbara Leszkiewicz<\/h4>\n<\/li>\n<li>\n<h4>Anna Obr\u0119bska<\/h4>\n<\/li>\n<li>\n<h4>Katarzyna Grzymkowska<\/h4>\n<\/li>\n<li>\n<h4>Agnieszka Fabisiak<\/h4>\n<\/li>\n<li>\n<h4>Maria Fabisiak<\/h4>\n<\/li>\n<li>\n<h4>Henryka Kami\u0144ska<\/h4>\n<\/li>\n<li>\n<h4>Marta Ruci\u0144ska<\/h4>\n<\/li>\n<li>\n<h4>Dzba\u0144ska El\u017cbieta<\/h4>\n<\/li>\n<li>\n<h4>Gulawska Zofia<\/h4>\n<\/li>\n<li>\n<h4>Renata Glinicka<\/h4>\n<\/li>\n<li>\n<h4>Anna Przedpe\u0142ska<\/h4>\n<\/li>\n<li>\n<h4>Teresa Borzy\u0144ska<\/h4>\n<\/li>\n<li>\n<h4>Ewa \u015awierczy\u0144ska<\/h4>\n<\/li>\n<li>\n<h4>Marek Grunwald<\/h4>\n<\/li>\n<li>\n<h4>Ewa Sekutowicz<\/h4>\n<\/li>\n<li>\n<h4>Grzegorz Zawartko<\/h4>\n<\/li>\n<li>\n<h4>Stanis\u0142aw Kurowski<\/h4>\n<\/li>\n<\/ol>\n","protected":false},"excerpt":{"rendered":"<p>PARAFIALNA RADA DUSZPASTERSKA Iwona Bednarska Dorota \u017bo\u0142nierzak Katarzyna Charzy\u0144ska Danuta Janecka Barbara Leszkiewicz Anna Obr\u0119bska Katarzyna Grzymkowska Agnieszka Fabisiak Maria Fabisiak Henryka Kami\u0144ska Marta Ruci\u0144ska Dzba\u0144ska El\u017cbieta Gulawska Zofia Renata Glinicka Anna Przedpe\u0142ska Teresa Borzy\u0144ska Ewa \u015awierczy\u0144ska Marek Grunwald Ewa Sekutowicz Grzegorz Zawartko Stanis\u0142aw Kurowski<\/p>\n","protected":false},"author":1,"featured_media":0,"parent":0,"menu_order":0,"comment_status":"closed","ping_status":"closed","template":"","meta":{"footnotes":""},"_links":{"self":[{"href":"http:\/\/parafianuna.pl\/index.php?rest_route=\/wp\/v2\/pages\/175"}],"collection":[{"href":"http:\/\/parafianuna.pl\/index.php?rest_route=\/wp\/v2\/pages"}],"about":[{"href":"http:\/\/parafianuna.pl\/index.php?rest_route=\/wp\/v2\/types\/page"}],"author":[{"embeddable":true,"href":"http:\/\/parafianuna.pl\/index.php?rest_route=\/wp\/v2\/users\/1"}],"replies":[{"embeddable":true,"href":"http:\/\/parafianuna.pl\/index.php?rest_route=%2Fwp%2Fv2%2Fcomments&post=175"}],"version-history":[{"count":2,"href":"http:\/\/parafianuna.pl\/index.php?rest_route=\/wp\/v2\/pages\/175\/revisions"}],"predecessor-version":[{"id":340,"href":"http:\/\/parafianuna.pl\/index.php?rest_route=\/wp\/v2\/pages\/175\/revisions\/340"}],"wp:attachment":[{"href":"http:\/\/parafianuna.pl\/index.php?rest_route=%2Fwp%2Fv2%2Fmedia&parent=175"}],"curies":[{"name":"wp","href":"https:\/\/api.w.org\/{rel}","templated":true}]}}