{"id":97,"date":"2021-01-24T17:12:37","date_gmt":"2021-01-24T17:12:37","guid":{"rendered":"http:\/\/parafianuna.pl\/?page_id=97"},"modified":"2021-03-27T15:45:02","modified_gmt":"2021-03-27T15:45:02","slug":"schola","status":"publish","type":"page","link":"http:\/\/parafianuna.pl\/?page_id=97","title":{"rendered":"Schola &#8222;Cantate Domino&#8221;"},"content":{"rendered":"<h2>Schola &#8222;Cantate Domino&#8221;<\/h2>\n<h3>Organista: Piotr Drzazgowski<\/h3>\n<ol>\n<li>\n<h4>Jakub Charzy\u0144ski<\/h4>\n<\/li>\n<li>\n<h4>Jolanta Krzy\u017cewska<\/h4>\n<\/li>\n<li>\n<h4>Natalia Biedrzycka<\/h4>\n<\/li>\n<li>\n<h4>Magdalena Romanowicz<\/h4>\n<\/li>\n<li>\n<h4>Julia Janecka<\/h4>\n<\/li>\n<li>\n<h4>Wiktoria Fabisiak<\/h4>\n<\/li>\n<li>\n<h4>Zuzanna \u017bo\u0142nierzak<\/h4>\n<\/li>\n<li>\n<h4>Aleksandra \u017bo\u0142nierzak<\/h4>\n<\/li>\n<li>\n<h4>Natalia Mikulska<\/h4>\n<\/li>\n<li>\n<h4>Kamila Mikulska<\/h4>\n<\/li>\n<\/ol>\n","protected":false},"excerpt":{"rendered":"<p>Schola &#8222;Cantate Domino&#8221; Organista: Piotr Drzazgowski Jakub Charzy\u0144ski Jolanta Krzy\u017cewska Natalia Biedrzycka Magdalena Romanowicz Julia Janecka Wiktoria Fabisiak Zuzanna \u017bo\u0142nierzak Aleksandra \u017bo\u0142nierzak Natalia Mikulska Kamila Mikulska<\/p>\n","protected":false},"author":1,"featured_media":0,"parent":0,"menu_order":0,"comment_status":"closed","ping_status":"closed","template":"","meta":{"footnotes":""},"_links":{"self":[{"href":"http:\/\/parafianuna.pl\/index.php?rest_route=\/wp\/v2\/pages\/97"}],"collection":[{"href":"http:\/\/parafianuna.pl\/index.php?rest_route=\/wp\/v2\/pages"}],"about":[{"href":"http:\/\/parafianuna.pl\/index.php?rest_route=\/wp\/v2\/types\/page"}],"author":[{"embeddable":true,"href":"http:\/\/parafianuna.pl\/index.php?rest_route=\/wp\/v2\/users\/1"}],"replies":[{"embeddable":true,"href":"http:\/\/parafianuna.pl\/index.php?rest_route=%2Fwp%2Fv2%2Fcomments&post=97"}],"version-history":[{"count":5,"href":"http:\/\/parafianuna.pl\/index.php?rest_route=\/wp\/v2\/pages\/97\/revisions"}],"predecessor-version":[{"id":471,"href":"http:\/\/parafianuna.pl\/index.php?rest_route=\/wp\/v2\/pages\/97\/revisions\/471"}],"wp:attachment":[{"href":"http:\/\/parafianuna.pl\/index.php?rest_route=%2Fwp%2Fv2%2Fmedia&parent=97"}],"curies":[{"name":"wp","href":"https:\/\/api.w.org\/{rel}","templated":true}]}}