{"id":98,"date":"2021-01-24T17:12:37","date_gmt":"2021-01-24T17:12:37","guid":{"rendered":"http:\/\/parafianuna.pl\/?page_id=98"},"modified":"2021-02-13T20:06:13","modified_gmt":"2021-02-13T20:06:13","slug":"ministranci","status":"publish","type":"page","link":"http:\/\/parafianuna.pl\/?page_id=98","title":{"rendered":"Ministranci"},"content":{"rendered":"<h2 style=\"text-align: left;\">Ministranci:<\/h2>\n<ol>\n<li style=\"text-align: left;\">\n<h4>Kacper G\u0105siorowski<\/h4>\n<\/li>\n<li style=\"text-align: left;\">\n<h4>Kamil S\u0142o\u0144kowski<\/h4>\n<\/li>\n<li style=\"text-align: left;\">\n<h4>Jakub Charzy\u0144ski<\/h4>\n<\/li>\n<li style=\"text-align: left;\">\n<h4>Szymon Grzymkowski<\/h4>\n<\/li>\n<li style=\"text-align: left;\">\n<h4>Marcel Janecki<\/h4>\n<\/li>\n<li style=\"text-align: left;\">\n<h4>Bart\u0142omiej Otoski<\/h4>\n<\/li>\n<li>\n<h4 style=\"text-align: left;\">Jakub Przybysz<\/h4>\n<\/li>\n<\/ol>\n","protected":false},"excerpt":{"rendered":"<p>Ministranci: Kacper G\u0105siorowski Kamil S\u0142o\u0144kowski Jakub Charzy\u0144ski Szymon Grzymkowski Marcel Janecki Bart\u0142omiej Otoski Jakub Przybysz<\/p>\n","protected":false},"author":1,"featured_media":0,"parent":0,"menu_order":0,"comment_status":"closed","ping_status":"closed","template":"","meta":{"footnotes":""},"_links":{"self":[{"href":"http:\/\/parafianuna.pl\/index.php?rest_route=\/wp\/v2\/pages\/98"}],"collection":[{"href":"http:\/\/parafianuna.pl\/index.php?rest_route=\/wp\/v2\/pages"}],"about":[{"href":"http:\/\/parafianuna.pl\/index.php?rest_route=\/wp\/v2\/types\/page"}],"author":[{"embeddable":true,"href":"http:\/\/parafianuna.pl\/index.php?rest_route=\/wp\/v2\/users\/1"}],"replies":[{"embeddable":true,"href":"http:\/\/parafianuna.pl\/index.php?rest_route=%2Fwp%2Fv2%2Fcomments&post=98"}],"version-history":[{"count":4,"href":"http:\/\/parafianuna.pl\/index.php?rest_route=\/wp\/v2\/pages\/98\/revisions"}],"predecessor-version":[{"id":326,"href":"http:\/\/parafianuna.pl\/index.php?rest_route=\/wp\/v2\/pages\/98\/revisions\/326"}],"wp:attachment":[{"href":"http:\/\/parafianuna.pl\/index.php?rest_route=%2Fwp%2Fv2%2Fmedia&parent=98"}],"curies":[{"name":"wp","href":"https:\/\/api.w.org\/{rel}","templated":true}]}}